{"id":420,"date":"2018-05-28T07:36:41","date_gmt":"2018-05-28T07:36:41","guid":{"rendered":"https:\/\/www.josejavierfm.es\/blog\/?page_id=420"},"modified":"2018-05-28T07:50:22","modified_gmt":"2018-05-28T07:50:22","slug":"aviso-legal","status":"publish","type":"page","link":"https:\/\/www.josejavierfm.es\/blog\/aviso-legal\/","title":{"rendered":"Aviso legal"},"content":{"rendered":"<p>josejavierfm.es es una p\u00e1gina Web gestionada por Jos\u00e9 Javier Fern\u00e1ndez.<\/p>\n<p>Garant\u00eda<\/p>\n<p>Los Propietarios respetan plenamente su derecho a la privacidad y le garantizan la protecci\u00f3n de los datos de car\u00e1cter personal que nos suministre de conformidad con lo establecido en la Ley 15\/1999, de 13 de diciembre, de Protecci\u00f3n de Datos de Car\u00e1cter Personal y la Ley 34\/2002, de 11 de julio, de Servicios de la Sociedad de la informaci\u00f3n y de Comercio Electr\u00f3nico (en adelante, \u201cLEYES\u201d), y con esta Pol\u00edtica de Privacidad, que se aplican plenamente a esta p\u00e1gina Web.<\/p>\n<p>Registro<\/p>\n<p>Por razones t\u00e9cnicas y a fin de asegurar la prestaci\u00f3n de un servicio de calidad, nuestro servidor del blog se encuentra en el data center de 1and1 (Alemania), y est\u00e1 mantenido y gestionado por el equipo t\u00e9cnico de 1and1 (Alemania), que act\u00faa como encargado de tratamiento en la recogida y almacenamiento de sus datos, de conformidad con lo establecido en las LEYES.<\/p>\n<p> Sus derechos<\/p>\n<p>De conformidad con lo establecido en el art\u00edculo 5 de las LEYES le informamos que la finalidad exclusiva de nuestra base de datos de registros es el env\u00edo de informaci\u00f3n sobre novedades puntuales relativas a nuestra p\u00e1gina Web. Le garantizamos que s\u00f3lo Los Propietarios tendr\u00e1n acceso a sus datos y que, en ning\u00fan caso, dichos datos ser\u00e1n cedidos, compartidos, transferidos, ni vendidos a ning\u00fan tercero distinto de Los Propietarios.<\/p>\n<p>Tal y como establece las LEYES, en cualquier momento Vd. Podr\u00e1 ejercitar sus derechos de acceso, rectificaci\u00f3n, cancelaci\u00f3n, y oposici\u00f3n ante Los Propietarios. Podr\u00e1 ejercitar tales derechos directamente d\u00e1ndose de baja al servicio de newsletter (en cada unos de las comunicaciones enviadas se adjunta un enlace de baja instant\u00e1nea, en 1 solo clic) o mediante el env\u00edo de un correo electr\u00f3nico a la direcci\u00f3n: yo@josejavierfm.es.<\/p>\n<p>No al Spam<\/p>\n<p>Los Propietarios son completamente contrarios al env\u00edo de comunicaciones comerciales no solicitadas y a cualquier tipo de conducta o manifestaci\u00f3n de \u201cspamming\u201d. Los Propietarios no apoyan, practican, ni suscriben este tipo de conductas o manifestaciones. En consecuencia, el proceso de registro no debe ser utilizado para inscribir direcciones de correo de personas ajenas sin el consentimiento expreso de las personas afectadas.<\/p>\n<p>En el caso de que Vd. reciba cualquiera de nuestros comunicados sin haberse registrado en nuestro sistema, o sin haber dado su consentimiento expreso a dicho registro, puede ponerse en contacto con nosotros a la direcci\u00f3n electr\u00f3nica yo@josejavierfm.es solicitando la cancelaci\u00f3n de su direcci\u00f3n electr\u00f3nica de nuestro sistema.<\/p>\n<p>Cookies<\/p>\n<p>Este sitio web utiliza Google Analytics para analizar el tr\u00e1fico del sitio. Google Analytics usa \u201ccookies\u201d, que son peque\u00f1os archivos de texto que se almacenan en su ordenador, para recopilar informaci\u00f3n acerca del tr\u00e1fico web y el comportamiento de los visitantes del sitio, de forma an\u00f3nima. N\u00f3tese el \u00e9nfasis deliberado en la palabra an\u00f3nimo, ya que no se recopila ninguna informaci\u00f3n personal identificable a menos que usted env\u00ede dicha informaci\u00f3n por e-mail o rellenando un formulario en esta web.<\/p>\n<p>La informaci\u00f3n an\u00f3nima generada por las cookies de Google Analytics sobre c\u00f3mo utiliza usted esta p\u00e1gina (incluida su direcci\u00f3n IP) es transmitida a Google. Esta informaci\u00f3n es procesada para obtener informes estad\u00edsticos de la actividad de la web para josejavierfm.es exclusivamente. Uso estos informes para evaluar que secciones visitan m\u00e1s los usuarios, y con ello optimizar el contenido para satisfacer sus necesidades.<\/p>\n<p>No se identifica a ninguna direcci\u00f3n IP con el usuario del ordenador. Adem\u00e1s Google no asociar\u00e1 su direcci\u00f3n IP con otro tipo de informaci\u00f3n gestionada por Google.<\/p>\n<p>Seguridad<\/p>\n<p>Los Propietarios le garantizan que han adoptado las medidas t\u00e9cnicas y organizativas necesarias para garantizar la seguridad de los datos de car\u00e1cter personal que se encuentran en nuestra base de datos de suscriptores, y evitar su alteraci\u00f3n, p\u00e9rdida, tratamiento o acceso no autorizado, habida cuenta del estado de la tecnolog\u00eda, la naturaleza de los datos almacenados y los riesgos a que est\u00e1n expuestos, todo ello de conformidad con lo que establece las LEYES y el Real Decreto 994\/1999, de 11 de junio, por el que se aprueba el Reglamento de medidas de seguridad de los ficheros automatizados que contengan datos de car\u00e1cter personal.<\/p>\n<p>Acerca de la seguridad en la transmisi\u00f3n de datos<\/p>\n<p>Los Propietarios no codifican o encriptan sus datos personales en el momento de la transmisi\u00f3n de los mismos, de modo que dicha transmisi\u00f3n no se realiza de modo seguro. Los Propietarios no pueden asegurar o garantizar la seguridad de ninguna informaci\u00f3n que Vd. nos transmita on-line, y, en consecuencia, en caso de hacerlo Vd., asume el riesgo de la transmisi\u00f3n por su propia cuenta. Una vez los datos son recibidos en nuestro sistema, le garantizamos la aplicaci\u00f3n a los mismos de las medidas de seguridad que establece la ley aplicable en cada momento.<\/p>\n<p>Cont\u00e1ctenos<\/p>\n<p>Si en cualquier momento Vd. desea ponerse en contacto con Los Propietarios para comentar cualquier aspecto relacionado con la Pol\u00edtica de Privacidad descrita anteriormente, o considera que alguno de los apartados anteriores no se cumple de modo adecuado, no dude en ponerse en contacto con nosotros empleando la funci\u00f3n espec\u00edfica existente en la p\u00e1gina principal de este sitio Web, mediante el env\u00edo de un correo electr\u00f3nico a la direcci\u00f3n: yo@josejavierfm.es, o el env\u00edo de una carta al domicilio social de Los Propietarios indicado anteriormente.<\/p>\n<p>Cambio en la pol\u00edtica de privacidad<\/p>\n<p>Los Propietarios se reservan el derecho a cambiar la Pol\u00edtica de Privacidad descrita en la presente p\u00e1gina Web, bajo el env\u00edo de una notificaci\u00f3n previa por correo electr\u00f3nico. Puede visitar nuestra Pol\u00edtica de Privacidad de vez en cuando para verificar cualquier modificaci\u00f3n o actualizaci\u00f3n de la misma.<\/p>\n\n<div class=\"twitter-share\"><a href=\"https:\/\/twitter.com\/intent\/tweet?via=josejavierfm\" class=\"twitter-share-button\">Twittear<\/a><\/div>\n","protected":false},"excerpt":{"rendered":"<p>josejavierfm.es es una p\u00e1gina Web gestionada por Jos\u00e9 Javier Fern\u00e1ndez. Garant\u00eda Los Propietarios respetan plenamente su derecho a la privacidad y le garantizan la protecci\u00f3n de los datos de car\u00e1cter personal que nos suministre de conformidad con lo establecido en la Ley 15\/1999, de 13 de diciembre, de Protecci\u00f3n de Datos de Car\u00e1cter Personal y [&hellip;]<\/p>\n","protected":false},"author":1,"featured_media":0,"parent":0,"menu_order":0,"comment_status":"closed","ping_status":"closed","template":"","meta":[],"_links":{"self":[{"href":"https:\/\/www.josejavierfm.es\/blog\/wp-json\/wp\/v2\/pages\/420"}],"collection":[{"href":"https:\/\/www.josejavierfm.es\/blog\/wp-json\/wp\/v2\/pages"}],"about":[{"href":"https:\/\/www.josejavierfm.es\/blog\/wp-json\/wp\/v2\/types\/page"}],"author":[{"embeddable":true,"href":"https:\/\/www.josejavierfm.es\/blog\/wp-json\/wp\/v2\/users\/1"}],"replies":[{"embeddable":true,"href":"https:\/\/www.josejavierfm.es\/blog\/wp-json\/wp\/v2\/comments?post=420"}],"version-history":[{"count":5,"href":"https:\/\/www.josejavierfm.es\/blog\/wp-json\/wp\/v2\/pages\/420\/revisions"}],"predecessor-version":[{"id":425,"href":"https:\/\/www.josejavierfm.es\/blog\/wp-json\/wp\/v2\/pages\/420\/revisions\/425"}],"wp:attachment":[{"href":"https:\/\/www.josejavierfm.es\/blog\/wp-json\/wp\/v2\/media?parent=420"}],"curies":[{"name":"wp","href":"https:\/\/api.w.org\/{rel}","templated":true}]}}